{"id":639,"date":"2022-02-25T16:32:26","date_gmt":"2022-02-25T15:32:26","guid":{"rendered":"https:\/\/blog.jan-macherius.de\/?page_id=639"},"modified":"2025-08-19T10:22:21","modified_gmt":"2025-08-19T08:22:21","slug":"streams-vom-flughafen-muenchen","status":"publish","type":"page","link":"https:\/\/blog.jan-macherius.de\/?page_id=639","title":{"rendered":"Streams rund um die FIR M\u00fcnchen"},"content":{"rendered":"\n<p>An dieser Stelle pr\u00e4sentiere ich Streams von ausgew\u00e4hlten Kollegen, die ihr Hobby auf diese Art und Weise f\u00fcr die \u00d6ffentlichkeit public machen. Einfach links anklicken und los geht\u2018s!<\/p>\n\n\n\n\n<div class=\"cp-streamweasels cp-streamweasels--1934 cp-streamweasels--player\" data-uuid=\"1934\">\n    <div class=\"cp-streamweasels__inner\" style=\"max-width:1440px\">\n                <div class=\"cp-streamweasels__inner-wrapper\">\n            <div class=\"cp-streamweasels__player-wrapper\">\n                <div class=\"cp-streamweasels__streams cp-streamweasels__streams--detailed cp-streamweasels__streams--hover-none cp-streamweasels__streams--position-left\"><\/div>                <div class=\"cp-streamweasels__player cp-streamweasels__player--position-left cp-streamweasels__player--video\" style=\"\">\n                                        <div class=\"cp-streamweasels__offline-wrapper\">\n                        <div class=\"cp-streamweasels__welcome\"><div class=\"cp-streamweasels__welcome-wrapper\"><img decoding=\"async\" src=\"https:\/\/blog.jan-macherius.de\/wp-content\/uploads\/2022\/02\/Logo-Twitch.png\"><div class=\"cp-streamweasels__welcome-text  cp-streamweasels__welcome-text--with-logo\"><p class=\"cp-streamweasels__welcome-text--line-1\" style=\"color:#dd5533\">Willkommen zu aktuellen Streams von Jan Macherius!<\/p><p class=\"cp-streamweasels__welcome-text--line-2\" style=\"color:#dd5533\">Royal Bavarian Air Traffic Controlling vom M\u00fcnchner Tower.<\/p><\/div><\/div><\/div>                    <\/div>\n                <\/div>\n                            <\/div>\n        <\/div>\n            <\/div>\n<\/div>\n\n\n\n<hr class=\"wp-block-separator has-css-opacity is-style-wide\"\/>\n\n\n\n<div align=\"center\"><iframe loading=\"lazy\" src=\"https:\/\/discord.com\/widget?id=954287388283273296&amp;theme=dark\" allowtransparency=\"true\" sandbox=\"allow-popups allow-popups-to-escape-sandbox allow-same-origin allow-scripts\" width=\"350\" height=\"500\" frameborder=\"0\"><\/iframe><\/div>\n","protected":false},"excerpt":{"rendered":"<p>An dieser Stelle pr\u00e4sentiere ich Streams von ausgew\u00e4hlten Kollegen, die ihr Hobby auf diese Art und Weise f\u00fcr die \u00d6ffentlichkeit<\/p>\n","protected":false},"author":1,"featured_media":0,"parent":101,"menu_order":3,"comment_status":"closed","ping_status":"closed","template":"","meta":{"footnotes":""},"class_list":["post-639","page","type-page","status-publish","hentry"],"_links":{"self":[{"href":"https:\/\/blog.jan-macherius.de\/index.php?rest_route=\/wp\/v2\/pages\/639","targetHints":{"allow":["GET"]}}],"collection":[{"href":"https:\/\/blog.jan-macherius.de\/index.php?rest_route=\/wp\/v2\/pages"}],"about":[{"href":"https:\/\/blog.jan-macherius.de\/index.php?rest_route=\/wp\/v2\/types\/page"}],"author":[{"embeddable":true,"href":"https:\/\/blog.jan-macherius.de\/index.php?rest_route=\/wp\/v2\/users\/1"}],"replies":[{"embeddable":true,"href":"https:\/\/blog.jan-macherius.de\/index.php?rest_route=%2Fwp%2Fv2%2Fcomments&post=639"}],"version-history":[{"count":5,"href":"https:\/\/blog.jan-macherius.de\/index.php?rest_route=\/wp\/v2\/pages\/639\/revisions"}],"predecessor-version":[{"id":1143,"href":"https:\/\/blog.jan-macherius.de\/index.php?rest_route=\/wp\/v2\/pages\/639\/revisions\/1143"}],"up":[{"embeddable":true,"href":"https:\/\/blog.jan-macherius.de\/index.php?rest_route=\/wp\/v2\/pages\/101"}],"wp:attachment":[{"href":"https:\/\/blog.jan-macherius.de\/index.php?rest_route=%2Fwp%2Fv2%2Fmedia&parent=639"}],"curies":[{"name":"wp","href":"https:\/\/api.w.org\/{rel}","templated":true}]}}