{"id":446,"date":"2020-08-31T17:04:45","date_gmt":"2020-08-31T15:04:45","guid":{"rendered":"http:\/\/blog.jan-macherius.de\/?page_id=446"},"modified":"2022-04-03T16:26:40","modified_gmt":"2022-04-03T14:26:40","slug":"lr-bildergalerie","status":"publish","type":"page","link":"https:\/\/blog.jan-macherius.de\/?page_id=446","title":{"rendered":"LightRoom-Bildergalerie"},"content":{"rendered":"\n<p>Durch die Nachbearbeitung von Fotos mit Adobe Lightroom bietet sich die M\u00f6glichkeit an, auch unter dieser Oberfl\u00e4che Fotos und ganze Alben freizugeben. Eine Auswahl von Bildern, die unter anderem auf meinen Reisen entstanden sind, m\u00f6chte ich hier pr\u00e4sentieren.<\/p>\n\n\n\n<p>Viele Bilder erhalten erst durch eine entsprechende Nachbearbeitung, die sogenannte &#8220;Post Production&#8221; den letzten Schliff. Belichtungskorrektur, Wei\u00dfabgleich, S\u00e4ttigung, Dynamik oder Korrektur der Geometrie sind nur einige Schlagworte, die hierbei zur Anwendung kommen.<\/p>\n\n\n\n<p><a rel=\"noreferrer noopener\" href=\"https:\/\/adobe.ly\/3lBrLhg\" target=\"_blank\">Luftaufnahmen Drohne<\/a><\/p>\n\n\n\n<p><a rel=\"noreferrer noopener\" href=\"https:\/\/adobe.ly\/32zlr12\" target=\"_blank\">Stadtbesichtigung Edinburgh<\/a><br><a rel=\"noreferrer noopener\" href=\"https:\/\/adobe.ly\/31HpxoK\" target=\"_blank\">Besichtigung KKW Tschernobyl und die Stadt Pripjat<\/a><\/p>\n","protected":false},"excerpt":{"rendered":"<p>Durch die Nachbearbeitung von Fotos mit Adobe Lightroom bietet sich die M\u00f6glichkeit an, auch unter dieser Oberfl\u00e4che Fotos und ganze<\/p>\n","protected":false},"author":1,"featured_media":0,"parent":2,"menu_order":2,"comment_status":"closed","ping_status":"closed","template":"","meta":{"footnotes":""},"class_list":["post-446","page","type-page","status-publish","hentry"],"_links":{"self":[{"href":"https:\/\/blog.jan-macherius.de\/index.php?rest_route=\/wp\/v2\/pages\/446","targetHints":{"allow":["GET"]}}],"collection":[{"href":"https:\/\/blog.jan-macherius.de\/index.php?rest_route=\/wp\/v2\/pages"}],"about":[{"href":"https:\/\/blog.jan-macherius.de\/index.php?rest_route=\/wp\/v2\/types\/page"}],"author":[{"embeddable":true,"href":"https:\/\/blog.jan-macherius.de\/index.php?rest_route=\/wp\/v2\/users\/1"}],"replies":[{"embeddable":true,"href":"https:\/\/blog.jan-macherius.de\/index.php?rest_route=%2Fwp%2Fv2%2Fcomments&post=446"}],"version-history":[{"count":3,"href":"https:\/\/blog.jan-macherius.de\/index.php?rest_route=\/wp\/v2\/pages\/446\/revisions"}],"predecessor-version":[{"id":450,"href":"https:\/\/blog.jan-macherius.de\/index.php?rest_route=\/wp\/v2\/pages\/446\/revisions\/450"}],"up":[{"embeddable":true,"href":"https:\/\/blog.jan-macherius.de\/index.php?rest_route=\/wp\/v2\/pages\/2"}],"wp:attachment":[{"href":"https:\/\/blog.jan-macherius.de\/index.php?rest_route=%2Fwp%2Fv2%2Fmedia&parent=446"}],"curies":[{"name":"wp","href":"https:\/\/api.w.org\/{rel}","templated":true}]}}