{"id":40,"date":"2017-10-12T09:16:23","date_gmt":"2017-10-12T07:16:23","guid":{"rendered":"http:\/\/blog.jan-macherius.de\/?page_id=40"},"modified":"2024-08-16T08:30:52","modified_gmt":"2024-08-16T06:30:52","slug":"impressum","status":"publish","type":"page","link":"https:\/\/blog.jan-macherius.de\/?page_id=40","title":{"rendered":"Impressum"},"content":{"rendered":"\n<p>Jan Macherius<br>Rudolf-Harla\u00df-Stra\u00dfe 13<br>09228 Chemnitz-Wittgensdorf<\/p>\n\n\n\n<p>Tel.: (0157) 38367405<br>kontakt@jan-macherius.de<\/p>\n\n\n\n<p class=\"text-normal\">\u00a9 Copyright: Eine Verwertung der urheberrechtlich gesch\u00fctzten Beitr\u00e4ge, Ver\u00f6ffentlichungen und Abbildungen ist ohne vorherige schriftliche Genehmigung von &#8220;Jan Macherius&#8221; nicht zul\u00e4ssig!<\/p>\n\n\n\n<p class=\"text-klein\">Mit Urteil vom 12. Mai 1998 hat das Landgericht Hamburg entschieden, da\u00df man durch die Ausbringung eines Links die Inhalte der gelinkten Seite ggf. mit zu verantworten hat. Dies kann &#8211; so das LG &#8211; nur dadurch verhindert werden, da\u00df man sich ausdr\u00fccklich von diesen Inhalten distanziert. Ich habe auf verschiedenen Seiten dieser Homepage Links zu anderen Seiten im Internet gelegt. F\u00fcr all diese Links gilt: Ich m\u00f6chte ausdr\u00fccklich betonen, da\u00df ich keinerlei Einflu\u00df auf die Gestaltung und die Inhalte der gelinkten Seiten habe. Deshalb distanzieren ich mich hiermit ausdr\u00fccklich von allen Inhalten aller gelinkten Seiten auf dieser Homepage und mache mir diese Inhalte nicht zueigen. Diese Erkl\u00e4rung gilt f\u00fcr alle auf dieser Homepage ausgebrachten Links. Der Verfasser dieser Seite tr\u00e4gt keine Verantwortung f\u00fcr die Art, wie die hier zur Verf\u00fcgung gestellten Informationen genutzt werden.<\/p>\n","protected":false},"excerpt":{"rendered":"<p>Jan MacheriusRudolf-Harla\u00df-Stra\u00dfe 1309228 Chemnitz-Wittgensdorf Tel.: (0157) 38367405kontakt@jan-macherius.de \u00a9 Copyright: Eine Verwertung der urheberrechtlich gesch\u00fctzten Beitr\u00e4ge, Ver\u00f6ffentlichungen und Abbildungen ist ohne<\/p>\n","protected":false},"author":1,"featured_media":0,"parent":0,"menu_order":4,"comment_status":"closed","ping_status":"closed","template":"","meta":{"footnotes":""},"class_list":["post-40","page","type-page","status-publish","hentry"],"_links":{"self":[{"href":"https:\/\/blog.jan-macherius.de\/index.php?rest_route=\/wp\/v2\/pages\/40","targetHints":{"allow":["GET"]}}],"collection":[{"href":"https:\/\/blog.jan-macherius.de\/index.php?rest_route=\/wp\/v2\/pages"}],"about":[{"href":"https:\/\/blog.jan-macherius.de\/index.php?rest_route=\/wp\/v2\/types\/page"}],"author":[{"embeddable":true,"href":"https:\/\/blog.jan-macherius.de\/index.php?rest_route=\/wp\/v2\/users\/1"}],"replies":[{"embeddable":true,"href":"https:\/\/blog.jan-macherius.de\/index.php?rest_route=%2Fwp%2Fv2%2Fcomments&post=40"}],"version-history":[{"count":2,"href":"https:\/\/blog.jan-macherius.de\/index.php?rest_route=\/wp\/v2\/pages\/40\/revisions"}],"predecessor-version":[{"id":1076,"href":"https:\/\/blog.jan-macherius.de\/index.php?rest_route=\/wp\/v2\/pages\/40\/revisions\/1076"}],"wp:attachment":[{"href":"https:\/\/blog.jan-macherius.de\/index.php?rest_route=%2Fwp%2Fv2%2Fmedia&parent=40"}],"curies":[{"name":"wp","href":"https:\/\/api.w.org\/{rel}","templated":true}]}}