{"id":1008,"date":"2024-06-11T08:26:16","date_gmt":"2024-06-11T06:26:16","guid":{"rendered":"https:\/\/blog.jan-macherius.de\/?page_id=1008"},"modified":"2025-08-19T10:18:41","modified_gmt":"2025-08-19T08:18:41","slug":"webinare-notfallmedizin","status":"publish","type":"page","link":"https:\/\/blog.jan-macherius.de\/?page_id=1008","title":{"rendered":"Webinare Notfallmedizin"},"content":{"rendered":"<div class=\"wp-block-image\">\n<figure class=\"alignleft size-medium\"><img loading=\"lazy\" decoding=\"async\" width=\"300\" height=\"201\" src=\"https:\/\/blog.jan-macherius.de\/wp-content\/uploads\/2020\/03\/Retter-mit-Herz-300x201.jpg\" alt=\"\" class=\"wp-image-355\" srcset=\"https:\/\/blog.jan-macherius.de\/wp-content\/uploads\/2020\/03\/Retter-mit-Herz-300x201.jpg 300w, https:\/\/blog.jan-macherius.de\/wp-content\/uploads\/2020\/03\/Retter-mit-Herz-1024x686.jpg 1024w, https:\/\/blog.jan-macherius.de\/wp-content\/uploads\/2020\/03\/Retter-mit-Herz-768x515.jpg 768w, https:\/\/blog.jan-macherius.de\/wp-content\/uploads\/2020\/03\/Retter-mit-Herz-1536x1029.jpg 1536w, https:\/\/blog.jan-macherius.de\/wp-content\/uploads\/2020\/03\/Retter-mit-Herz-120x80.jpg 120w, https:\/\/blog.jan-macherius.de\/wp-content\/uploads\/2020\/03\/Retter-mit-Herz.jpg 1721w\" sizes=\"auto, (max-width: 300px) 100vw, 300px\" \/><\/figure>\n<\/div>\n\n\n<p class=\"has-drop-cap\">, am<strong> , <\/strong>halte ich wieder ein Webinar ab. Damit m\u00f6chte ich interessante Themen rund um die Medizin \/ pr\u00e4klinische Notfallmedizin vermitteln. Die Dauer habe ich mit 60-90 Minuten, je nach Interaktion, veranschlagt. <em><a href=\"https:\/\/discord.gg\/sEvE2jK54D\" target=\"_blank\" rel=\"noreferrer noopener\">Details dazu auf meinem Discord-Server<\/a><a href=\"https:\/\/discord.gg\/gQ67ZvUmPk\" target=\"_blank\" rel=\"noreferrer noopener\">.<\/a><\/em><\/p>\n\n\n\n<p class=\"has-drop-cap\">Die unten stehende Tabelle enth\u00e4lt Informationen wann ich welches Thema vermittle. Mein Spektrum reicht von Anatomie, Physiologie, Pathophysiologie, Pharmakologie bis hin zur pr\u00e4klinischen Notfallmedizin. Dabei besteht die M\u00f6glichkeit \u00fcber den Chat Fragen zu stellen, die ich innnerhalb des Webinars auch beantworte. Die n\u00e4chste Session, verbunden mit einem Stream auf <a href=\"http:\/\/www.twitch.tv\/jmacherius\" target=\"_blank\" rel=\"noreferrer noopener\">http:\/\/www.twitch.tv\/jmacherius<\/a>, beginnt somit in<\/p>\n\n\n\n<div style=\"background-color: #DD5533;\" align=\"center\"><iframe loading=\"lazy\" scrolling=\"no\" src=\"https:\/\/streamelements.com\/overlay\/623328ea7a7d2825890a6dba\/Vx-J76hIMqWPUjK1IbCHS7PfB4rGio9lwBVcCzeYegUm6o8s\" width=\"250\" height=\"30\" frameborder=\"0\"><\/iframe><\/div>\n\n\n\n<p><em>Geplante Webinare:<\/em><\/p>\n\n\n\n<figure class=\"wp-block-table alignleft is-style-regular\"><table class=\"has-fixed-layout\"><thead><tr><th><strong>Datum \/ Uhrzeit<\/strong><\/th><th><strong>Fachgebiet<\/strong><\/th><th class=\"has-text-align-left\" data-align=\"left\"><strong>Thema<\/strong><\/th><\/tr><\/thead><tbody><tr><td><\/td><td><\/td><td class=\"has-text-align-left\" data-align=\"left\"><\/td><\/tr><tr><td><\/td><td><\/td><td class=\"has-text-align-left\" data-align=\"left\"><\/td><\/tr><tr><td><\/td><td><\/td><td class=\"has-text-align-left\" data-align=\"left\"><\/td><\/tr><\/tbody><\/table><\/figure>\n\n\n\n<hr class=\"wp-block-separator has-css-opacity is-style-wide\"\/>\n\n\n\n<p><em>Streams von ausgew\u00e4hlten Kollegen:<\/em><\/p>\n\n\n\n\n<div class=\"cp-streamweasels cp-streamweasels--3572 cp-streamweasels--wall\" data-uuid=\"3572\" data-online-list=\"\">\n    <div class=\"cp-streamweasels__inner\" style=\"max-width:1440px\">\n                        <div class=\"cp-streamweasels__loader\">\n            <div class=\"spinner-item\"><\/div>\n            <div class=\"spinner-item\"><\/div>\n            <div class=\"spinner-item\"><\/div>\n            <div class=\"spinner-item\"><\/div>\n            <div class=\"spinner-item\"><\/div>\n        <\/div>\n                <div class=\"cp-streamweasels__player cp-streamweasels__player--video\"><\/div>\n                <div class=\"cp-streamweasels__offline-wrapper\"><\/div>\n        <div class=\"cp-streamweasels__streams cp-streamweasels__streams--detailed cp-streamweasels__streams--hover-play\" style=\"grid-gap:10px;grid-template-columns: repeat(4, minmax(100px, 1fr));\"><\/div>\n    <\/div>\n<\/div>\n\n\n\n\n<hr class=\"wp-block-separator has-css-opacity is-style-wide\"\/>\n\n\n\n<div align=\"center\"><iframe loading=\"lazy\" src=\"https:\/\/discord.com\/widget?id=954287388283273296&amp;theme=dark\" allowtransparency=\"true\" sandbox=\"allow-popups allow-popups-to-escape-sandbox allow-same-origin allow-scripts\" width=\"350\" height=\"500\" frameborder=\"0\"><\/iframe><\/div>\n","protected":false},"excerpt":{"rendered":"<p>, am , halte ich wieder ein Webinar ab. Damit m\u00f6chte ich interessante Themen rund um die Medizin \/ pr\u00e4klinische<\/p>\n","protected":false},"author":1,"featured_media":355,"parent":101,"menu_order":1,"comment_status":"closed","ping_status":"closed","template":"","meta":{"footnotes":""},"class_list":["post-1008","page","type-page","status-publish","has-post-thumbnail","hentry"],"_links":{"self":[{"href":"https:\/\/blog.jan-macherius.de\/index.php?rest_route=\/wp\/v2\/pages\/1008","targetHints":{"allow":["GET"]}}],"collection":[{"href":"https:\/\/blog.jan-macherius.de\/index.php?rest_route=\/wp\/v2\/pages"}],"about":[{"href":"https:\/\/blog.jan-macherius.de\/index.php?rest_route=\/wp\/v2\/types\/page"}],"author":[{"embeddable":true,"href":"https:\/\/blog.jan-macherius.de\/index.php?rest_route=\/wp\/v2\/users\/1"}],"replies":[{"embeddable":true,"href":"https:\/\/blog.jan-macherius.de\/index.php?rest_route=%2Fwp%2Fv2%2Fcomments&post=1008"}],"version-history":[{"count":5,"href":"https:\/\/blog.jan-macherius.de\/index.php?rest_route=\/wp\/v2\/pages\/1008\/revisions"}],"predecessor-version":[{"id":1141,"href":"https:\/\/blog.jan-macherius.de\/index.php?rest_route=\/wp\/v2\/pages\/1008\/revisions\/1141"}],"up":[{"embeddable":true,"href":"https:\/\/blog.jan-macherius.de\/index.php?rest_route=\/wp\/v2\/pages\/101"}],"wp:featuredmedia":[{"embeddable":true,"href":"https:\/\/blog.jan-macherius.de\/index.php?rest_route=\/wp\/v2\/media\/355"}],"wp:attachment":[{"href":"https:\/\/blog.jan-macherius.de\/index.php?rest_route=%2Fwp%2Fv2%2Fmedia&parent=1008"}],"curies":[{"name":"wp","href":"https:\/\/api.w.org\/{rel}","templated":true}]}}